{"id":5,"date":"2020-11-18T20:06:45","date_gmt":"2020-11-18T19:06:45","guid":{"rendered":"http:\/\/stage.borik.se\/?page_id=5"},"modified":"2021-02-25T09:57:52","modified_gmt":"2021-02-25T08:57:52","slug":"5-2","status":"publish","type":"page","link":"https:\/\/frobo.se\/","title":{"rendered":""},"content":{"rendered":"<p>[et_pb_section fb_built=&#8221;1&#8243; admin_label=&#8221;Features&#8221; _builder_version=&#8221;4.7.1&#8243; background_color=&#8221;#0c71c3&#8243; min_height=&#8221;290px&#8221; custom_padding=&#8221;100px|0px|100px|0px|true|&#8221;][et_pb_row disabled_on=&#8221;on|off|off&#8221; admin_label=&#8221;Tittle&#8221; _builder_version=&#8221;4.7.1&#8243;][et_pb_column type=&#8221;4_4&#8243; _builder_version=&#8221;3.25&#8243; custom_padding=&#8221;|||&#8221; custom_padding__hover=&#8221;|||&#8221;][et_pb_text _builder_version=&#8221;4.7.1&#8243; text_font=&#8221;Nunito Sans||||||||&#8221; text_text_color=&#8221;#ffffff&#8221; text_font_size=&#8221;23px&#8221; text_line_height=&#8221;1.3em&#8221; header_font=&#8221;||||||||&#8221; header_text_align=&#8221;center&#8221; header_text_color=&#8221;#ffffff&#8221; header_font_size=&#8221;48px&#8221; header_2_font=&#8221;Nunito Sans|700|||||||&#8221; header_2_text_color=&#8221;#535b7c&#8221; header_2_font_size=&#8221;35px&#8221; header_2_line_height=&#8221;1.3em&#8221; text_orientation=&#8221;center&#8221; background_layout=&#8221;dark&#8221; max_width=&#8221;700px&#8221; module_alignment=&#8221;center&#8221;]<\/p>\n<h1><strong>Frobo &#8211; digital bostadsk\u00f6<\/strong><\/h1>\n<p>[\/et_pb_text][\/et_pb_column][\/et_pb_row][et_pb_row disabled_on=&#8221;off|on|on&#8221; admin_label=&#8221;Tittle&#8221; _builder_version=&#8221;4.7.1&#8243;][et_pb_column type=&#8221;4_4&#8243; _builder_version=&#8221;3.25&#8243; custom_padding=&#8221;|||&#8221; custom_padding__hover=&#8221;|||&#8221;][et_pb_text _builder_version=&#8221;4.7.1&#8243; text_font=&#8221;Nunito Sans||||||||&#8221; text_text_color=&#8221;#ffffff&#8221; text_font_size=&#8221;30px&#8221; text_line_height=&#8221;1.3em&#8221; header_font=&#8221;||||||||&#8221; header_text_align=&#8221;center&#8221; header_text_color=&#8221;#ffffff&#8221; header_font_size=&#8221;60px&#8221; header_2_font=&#8221;Nunito Sans|700|||||||&#8221; header_2_text_color=&#8221;#535b7c&#8221; header_2_font_size=&#8221;35px&#8221; header_2_line_height=&#8221;1.3em&#8221; text_orientation=&#8221;center&#8221; background_layout=&#8221;dark&#8221; max_width=&#8221;700px&#8221; module_alignment=&#8221;center&#8221;]<\/p>\n<h1><strong>Frobo<\/strong><\/h1>\n<p><strong>digital bostadsk\u00f6<\/strong><\/p>\n<p>[\/et_pb_text][\/et_pb_column][\/et_pb_row][\/et_pb_section][et_pb_section fb_built=&#8221;1&#8243; admin_label=&#8221;Features CTA Section&#8221; _builder_version=&#8221;4.7.1&#8243; background_color=&#8221;rgba(0,0,0,0)&#8221; min_height=&#8221;408px&#8221; custom_padding=&#8221;100px|0px|30px|0px|false|&#8221; saved_tabs=&#8221;all&#8221;][et_pb_row column_structure=&#8221;1_2,1_2&#8243; admin_label=&#8221;Right Sided Image&#8221; _builder_version=&#8221;3.25&#8243; custom_padding=&#8221;60px|0px|60px|0px&#8221;][et_pb_column type=&#8221;1_2&#8243; _builder_version=&#8221;3.25&#8243; custom_padding=&#8221;|||&#8221; custom_padding__hover=&#8221;|||&#8221;][et_pb_text _builder_version=&#8221;4.7.1&#8243; _module_preset=&#8221;default&#8221; text_text_color=&#8221;#000000&#8243; text_font_size=&#8221;40px&#8221;]Vad \u00e4r Frobo?[\/et_pb_text][et_pb_text _builder_version=&#8221;4.7.1&#8243; text_font=&#8221;||||||||&#8221; text_text_color=&#8221;#000000&#8243; text_font_size=&#8221;18px&#8221; text_line_height=&#8221;1.5em&#8221; header_font=&#8221;||||||||&#8221; header_text_align=&#8221;left&#8221; header_text_color=&#8221;#ffffff&#8221; header_2_font=&#8221;Nunito Sans|700|||||||&#8221; header_2_text_color=&#8221;#535b7c&#8221; header_2_font_size=&#8221;35px&#8221; header_2_line_height=&#8221;1.3em&#8221; background_layout=&#8221;dark&#8221; max_width=&#8221;700px&#8221; module_alignment=&#8221;center&#8221;]<\/p>\n<p>Frobo \u00e4r ett digitalt k\u00f6hanteringssystem som \u00e4r till f\u00f6r dig som hyr ut bost\u00e4der, garage, parkeringsplatser och lokaler.<\/p>\n<p>Frobo l\u00e5ter dig enkelt annonsera ut ditt best\u00e5nd p\u00e5 n\u00e4tet, ta in intresseanm\u00e4lningar och avg\u00f6ra vem som ska bli erbjuden kontrakt.<\/p>\n<p>Den st\u00f6rsta nyttan f\u00e5r du som idag sk\u00f6ter din k\u00f6 manuellt, men Frobo passar ocks\u00e5 dig som anv\u00e4nder fastighetssystem.<\/p>\n<p>Frobo \u00e4r b\u00e5de billigare och enklare att anv\u00e4nda \u00e4n ett tungt fastighetssystem, och har inga \u00f6verfl\u00f6diga komponenter som du inte beh\u00f6ver.<\/p>\n<p>[\/et_pb_text][\/et_pb_column][et_pb_column type=&#8221;1_2&#8243; _builder_version=&#8221;3.25&#8243; custom_padding=&#8221;|||&#8221; custom_padding__hover=&#8221;|||&#8221;][et_pb_divider show_divider=&#8221;off&#8221; _builder_version=&#8221;4.7.1&#8243; _module_preset=&#8221;default&#8221;][\/et_pb_divider][et_pb_image src=&#8221;https:\/\/frobo.se\/wp-content\/uploads\/2021\/01\/Frobo_annonser.png&#8221; title_text=&#8221;Frobo_annonser&#8221; show_in_lightbox=&#8221;on&#8221; _builder_version=&#8221;4.7.1&#8243; _module_preset=&#8221;default&#8221;][\/et_pb_image][et_pb_text _builder_version=&#8221;4.7.1&#8243; _module_preset=&#8221;default&#8221; text_line_height=&#8221;1.5em&#8221;]<\/p>\n<p>P\u00e5g\u00e5ende Annonser &#8211; Listan visar samtliga publicerade annonser som inte \u00e4r avslutade. Sista anm\u00e4lningsdatum visas i r\u00f6tt om datumet har passerat eller i gult om datumet n\u00e4rmar sig. H\u00e4r ser du ocks\u00e5 hur m\u00e5nga intresseanm\u00e4lningar som inkommit.<\/p>\n<p>[\/et_pb_text][\/et_pb_column][\/et_pb_row][\/et_pb_section][et_pb_section fb_built=&#8221;1&#8243; _builder_version=&#8221;4.7.1&#8243; _module_preset=&#8221;default&#8221; background_color=&#8221;#eaeaea&#8221;][et_pb_row column_structure=&#8221;1_2,1_2&#8243; _builder_version=&#8221;4.7.1&#8243; _module_preset=&#8221;default&#8221; custom_margin=&#8221;|auto|-44px|auto||&#8221;][et_pb_column type=&#8221;1_2&#8243; _builder_version=&#8221;4.7.1&#8243; _module_preset=&#8221;default&#8221;][et_pb_blurb title=&#8221;Anv\u00e4ndarv\u00e4nligt&#8221; use_icon=&#8221;on&#8221; _builder_version=&#8221;4.7.1&#8243; _module_preset=&#8221;default&#8221;]<\/p>\n<p>Frobo \u00e4r enkelt och avskalat. F\u00e4rre on\u00f6diga funktioner inneb\u00e4r mindre f\u00f6rvirring, b\u00e5de f\u00f6r administrat\u00f6rer och anv\u00e4ndare.<\/p>\n<p>Systemet \u00e4r l\u00e4tt att l\u00e4ra sig\u00a0 men vi erbjuder support som alltid finns n\u00e4ra till hands. Ibland beh\u00f6ver man hj\u00e4lp, s\u00e4rskilt i b\u00f6rjan.<\/p>\n<p>Via funktionen &#8221;Hanterade s\u00f6kanden&#8221; kan du sk\u00f6ta inloggningen f\u00f6r s\u00f6kanden som inte kan hantera den digitala processen, och inte har n\u00e5gon som kan hj\u00e4lpa dem.\u00a0<\/p>\n<p>[\/et_pb_blurb][\/et_pb_column][et_pb_column type=&#8221;1_2&#8243; _builder_version=&#8221;4.7.1&#8243; _module_preset=&#8221;default&#8221;][et_pb_blurb title=&#8221;Prisv\u00e4rt&#8221; use_icon=&#8221;on&#8221; _builder_version=&#8221;4.7.1&#8243; _module_preset=&#8221;default&#8221;]<\/p>\n<p>Frobo \u00e4r en prisv\u00e4rd tj\u00e4nst som \u00e4r r\u00e4ttvist prissatt.<\/p>\n<p>Ut\u00f6ver en startkostnad som t\u00e4cker uppstart, utbildning, import av best\u00e5nd och befintlig k\u00f6, baseras priset p\u00e5 best\u00e5ndets storlek och antal anv\u00e4ndare som ska jobba med administrationen.<\/p>\n<p>Det finns inga begr\u00e4nsningar kring hur m\u00e5nga s\u00f6kanden eller annonser du kan ha i systemet.<\/p>\n<p>[\/et_pb_blurb][\/et_pb_column][\/et_pb_row][\/et_pb_section][et_pb_section fb_built=&#8221;1&#8243; admin_label=&#8221;Testimonial&#8221; _builder_version=&#8221;4.7.1&#8243; background_color=&#8221;#0c71c3&#8243; custom_padding=&#8221;100px|0px|100px|0px||&#8221;][et_pb_row admin_label=&#8221;Testimonial Row&#8221; _builder_version=&#8221;3.25&#8243;][et_pb_column type=&#8221;4_4&#8243; _builder_version=&#8221;3.25&#8243; custom_padding=&#8221;|||&#8221; custom_padding__hover=&#8221;|||&#8221;][et_pb_blurb title=&#8221;%22Vi \u00e4r v\u00e4ldigt n\u00f6jda%22&#8243; admin_label=&#8221;Testimonial&#8221; _builder_version=&#8221;4.7.1&#8243; header_level=&#8221;h2&#8243; header_font=&#8221;Nunito Sans|700|||||||&#8221; header_text_color=&#8221;#ffffff&#8221; header_font_size=&#8221;44px&#8221; header_line_height=&#8221;1.4em&#8221; body_font=&#8221;Nunito Sans|600|||||||&#8221; body_text_color=&#8221;#ffffff&#8221; background_image=&#8221;https:\/\/frobo.se\/wp-content\/uploads\/2020\/11\/quote-bg.png&#8221; background_size=&#8221;initial&#8221; text_orientation=&#8221;center&#8221; background_layout=&#8221;dark&#8221;]<\/p>\n<p>&#8221;Vi har sparat oerh\u00f6rt mycket administrativ tid, sedan vi b\u00f6rjade anv\u00e4nda Frobo i februari 2020. Vi har b\u00e5de m\u00e5nga fler s\u00f6kanden i k\u00f6 \u00e4n tidigare, och fler intresseanm\u00e4lningar p\u00e5 v\u00e5ra annonser. Vi \u00e4r v\u00e4ldigt n\u00f6jda med hur systemet fungerar och vad det ger oss.&#8221;<\/p>\n<p>&#8211; Ewa Bujak, VD Surahammarshus F\u00f6rvaltnings AB<\/p>\n<p>[\/et_pb_blurb][\/et_pb_column][\/et_pb_row][\/et_pb_section][et_pb_section fb_built=&#8221;1&#8243; _builder_version=&#8221;4.7.1&#8243; _module_preset=&#8221;default&#8221;][et_pb_row column_structure=&#8221;1_2,1_2&#8243; _builder_version=&#8221;4.7.1&#8243; _module_preset=&#8221;default&#8221;][et_pb_column type=&#8221;1_2&#8243; _builder_version=&#8221;4.7.1&#8243; _module_preset=&#8221;default&#8221;][et_pb_blurb title=&#8221;Mindre administration &#8221; use_icon=&#8221;on&#8221; font_icon=&#8221;%%202%%&#8221; _builder_version=&#8221;4.7.1&#8243; _module_preset=&#8221;3bb29ca1-6f0e-4bae-9961-b3d9a56369db&#8221; custom_padding=&#8221;||3px|||&#8221;]<\/p>\n<div>Digitaliseringen g\u00f6r att du slipper kontakta s\u00f6kande via brev och\/eller telefon. Dessutom g\u00f6r s\u00f6kandena en stor del av jobbet sj\u00e4lva genom registrering och intresseanm\u00e4lan.<\/div>\n<p>[\/et_pb_blurb][et_pb_blurb title=&#8221;Kortare uthyrningscykel&#8221; use_icon=&#8221;on&#8221; font_icon=&#8221;%%202%%&#8221; icon_placement=&#8221;left&#8221; _builder_version=&#8221;4.7.1&#8243; _module_preset=&#8221;872053ad-83ec-45de-a53d-525ed1b3619c&#8221; header_text_color=&#8221;#000000&#8243; body_font=&#8221;||||||||&#8221;]<\/p>\n<div>Tiden mellan upps\u00e4gning och nytt kontrakt f\u00f6rkortas, vilket leder till b\u00e4ttre int\u00e4kter.<\/div>\n<p>[\/et_pb_blurb][et_pb_blurb title=&#8221;Automatisk gallring&#8221; use_icon=&#8221;on&#8221; font_icon=&#8221;%%202%%&#8221; _builder_version=&#8221;4.7.1&#8243; _module_preset=&#8221;default&#8221;]<\/p>\n<p>Registrerade konton f\u00e5r en automatisk varning om radering, om inte kontots \u00e4gare loggar in minst s\u00e5 ofta som du best\u00e4mt.<\/p>\n<p>[\/et_pb_blurb][\/et_pb_column][et_pb_column type=&#8221;1_2&#8243; _builder_version=&#8221;4.7.1&#8243; _module_preset=&#8221;default&#8221;][et_pb_blurb title=&#8221;Enklare f\u00f6r s\u00f6kanden&#8221; use_icon=&#8221;on&#8221; font_icon=&#8221;%%202%%&#8221; _builder_version=&#8221;4.7.1&#8243; _module_preset=&#8221;default&#8221; custom_padding=&#8221;||3px|||&#8221;]<\/p>\n<p><span>S\u00f6kandena beh\u00f6ver inte komma till ditt kontor f\u00f6r att st\u00e4lla sig i bostadsk\u00f6n. Det g\u00f6r de p\u00e5 n\u00e4tet, n\u00e4r de sj\u00e4lva har tid. Systemet blir betydligt mer tillg\u00e4ngligt.<\/span><\/p>\n<p>[\/et_pb_blurb][et_pb_blurb title=&#8221;Statistik&#8221; use_icon=&#8221;on&#8221; font_icon=&#8221;%%202%%&#8221; _builder_version=&#8221;4.7.1&#8243; _module_preset=&#8221;default&#8221; custom_padding=&#8221;||3px|||&#8221;]<\/p>\n<p><span>Statistik fr\u00e5n Frobo ger dig en bra bild \u00f6ver behovet av bost\u00e4der i din kommun.<\/span><\/p>\n<p>[\/et_pb_blurb][et_pb_blurb title=&#8221;Aktivitetslogg&#8221; use_icon=&#8221;on&#8221; font_icon=&#8221;%%202%%&#8221; _builder_version=&#8221;4.7.1&#8243; _module_preset=&#8221;default&#8221; custom_padding=&#8221;||3px|||&#8221;]<\/p>\n<p><span>De flesta h\u00e4ndelser i systemet loggas. Det inneb\u00e4r att man alltid kan se vad som har h\u00e4nt och vem som gjort vad. Om du g\u00f6r en manuell \u00e4ndring av en s\u00f6kandes k\u00f6tid s\u00e5 kan du ange en motivering som bifogas i loggen.<\/span><\/p>\n<p>[\/et_pb_blurb][\/et_pb_column][\/et_pb_row][\/et_pb_section][et_pb_section fb_built=&#8221;1&#8243; admin_label=&#8221;Center Aligned Text &#8221; _builder_version=&#8221;3.22&#8243; background_color=&#8221;#f8fbfe&#8221; use_background_color_gradient=&#8221;on&#8221; background_color_gradient_start=&#8221;#53a0fd&#8221; background_color_gradient_end=&#8221;#4161d4&#8243; background_color_gradient_direction=&#8221;135deg&#8221; background_image=&#8221;https:\/\/frobo.se\/wp-content\/uploads\/2020\/11\/geometric-bg-overlay-02.jpg&#8221; background_blend=&#8221;overlay&#8221; custom_padding=&#8221;11px|0px|11px|0px||&#8221; animation_style=&#8221;zoom&#8221; animation_direction=&#8221;bottom&#8221; animation_intensity_zoom=&#8221;8%&#8221; animation_starting_opacity=&#8221;100%&#8221;][et_pb_row admin_label=&#8221;Tittle&#8221; _builder_version=&#8221;3.25&#8243;][et_pb_column type=&#8221;4_4&#8243; _builder_version=&#8221;3.25&#8243; custom_padding=&#8221;|||&#8221; custom_padding__hover=&#8221;|||&#8221;][et_pb_text _builder_version=&#8221;4.7.1&#8243; text_font=&#8221;Nunito Sans||||||||&#8221; text_font_size=&#8221;18px&#8221; text_line_height=&#8221;1.8em&#8221; header_font=&#8221;Nunito Sans||||||||&#8221; header_2_font=&#8221;Nunito Sans|700|||||||&#8221; header_2_font_size=&#8221;45px&#8221; header_2_line_height=&#8221;1.3em&#8221; text_orientation=&#8221;center&#8221; background_layout=&#8221;dark&#8221; max_width=&#8221;700px&#8221; module_alignment=&#8221;center&#8221; text_line_height_tablet=&#8221;1.7em&#8221; text_line_height_last_edited=&#8221;off|desktop&#8221;]<\/p>\n<h2>Det \u00e4r l\u00e4tt att anv\u00e4nda Frobo<\/h2>\n<p>Vi visar g\u00e4rna vad vi menar. Ta kontakt med oss idag s\u00e5 bokar vi en presentation.<\/p>\n<p>[\/et_pb_text][\/et_pb_column][\/et_pb_row][\/et_pb_section][et_pb_section fb_built=&#8221;1&#8243; _builder_version=&#8221;4.7.1&#8243; _module_preset=&#8221;default&#8221;][et_pb_row column_structure=&#8221;1_2,1_2&#8243; _builder_version=&#8221;4.7.1&#8243; _module_preset=&#8221;default&#8221;][et_pb_column type=&#8221;1_2&#8243; _builder_version=&#8221;4.7.1&#8243; _module_preset=&#8221;default&#8221;][et_pb_team_member name=&#8221;Eva Johansson&#8221; position=&#8221;Hackyard Software AB&#8221; image_url=&#8221;https:\/\/frobo.se\/wp-content\/uploads\/2021\/01\/Eva.jpeg&#8221; _builder_version=&#8221;4.7.1&#8243; _module_preset=&#8221;default&#8221; body_line_height=&#8221;1.5em&#8221;]<\/p>\n<p><a href=\"mailto:eva@hackyard.se\">eva@hackyard.se<\/a><\/p>\n<p>070-874 01 93<\/p>\n<p>[\/et_pb_team_member][\/et_pb_column][et_pb_column type=&#8221;1_2&#8243; _builder_version=&#8221;4.7.1&#8243; _module_preset=&#8221;default&#8221;][et_pb_contact_form use_spam_service=&#8221;on&#8221; recaptcha_list=&#8221;FRB|FRB-0&#8243; email=&#8221;eva@hackyard.se&#8221; custom_message=&#8221;%%Name%%||et_pb_line_break_holder||%%Tele%%||et_pb_line_break_holder||%%Email%%||et_pb_line_break_holder||%%company%%||et_pb_line_break_holder||%%message%%&#8221; success_message=&#8221;Tack! Vi kommer att ta kontakt!&#8221; _builder_version=&#8221;4.7.1&#8243; _module_preset=&#8221;default&#8221; form_field_background_color=&#8221;#0c71c3&#8243; form_field_text_color=&#8221;#ffffff&#8221; form_field_focus_text_color=&#8221;#ffffff&#8221; hover_enabled=&#8221;0&#8243; sticky_enabled=&#8221;0&#8243;][et_pb_contact_field field_id=&#8221;Name&#8221; field_title=&#8221;Namn&#8221; fullwidth_field=&#8221;on&#8221; _builder_version=&#8221;4.7.1&#8243; button_text_size__hover_enabled=&#8221;off&#8221; button_one_text_size__hover_enabled=&#8221;off&#8221; button_two_text_size__hover_enabled=&#8221;off&#8221; button_text_color__hover_enabled=&#8221;off&#8221; button_one_text_color__hover_enabled=&#8221;off&#8221; button_two_text_color__hover_enabled=&#8221;off&#8221; button_border_width__hover_enabled=&#8221;off&#8221; button_one_border_width__hover_enabled=&#8221;off&#8221; button_two_border_width__hover_enabled=&#8221;off&#8221; button_border_color__hover_enabled=&#8221;off&#8221; button_one_border_color__hover_enabled=&#8221;off&#8221; button_two_border_color__hover_enabled=&#8221;off&#8221; button_border_radius__hover_enabled=&#8221;off&#8221; button_one_border_radius__hover_enabled=&#8221;off&#8221; button_two_border_radius__hover_enabled=&#8221;off&#8221; button_letter_spacing__hover_enabled=&#8221;off&#8221; button_one_letter_spacing__hover_enabled=&#8221;off&#8221; button_two_letter_spacing__hover_enabled=&#8221;off&#8221; button_bg_color__hover_enabled=&#8221;off&#8221; button_one_bg_color__hover_enabled=&#8221;off&#8221; button_two_bg_color__hover_enabled=&#8221;off&#8221;][\/et_pb_contact_field][et_pb_contact_field field_id=&#8221;Tele&#8221; field_title=&#8221;Telefon&#8221; fullwidth_field=&#8221;on&#8221; _builder_version=&#8221;4.7.1&#8243; _module_preset=&#8221;default&#8221;][\/et_pb_contact_field][et_pb_contact_field field_id=&#8221;Email&#8221; field_title=&#8221;E-postadress&#8221; field_type=&#8221;email&#8221; fullwidth_field=&#8221;on&#8221; _builder_version=&#8221;4.7.1&#8243; button_text_size__hover_enabled=&#8221;off&#8221; button_one_text_size__hover_enabled=&#8221;off&#8221; button_two_text_size__hover_enabled=&#8221;off&#8221; button_text_color__hover_enabled=&#8221;off&#8221; button_one_text_color__hover_enabled=&#8221;off&#8221; button_two_text_color__hover_enabled=&#8221;off&#8221; button_border_width__hover_enabled=&#8221;off&#8221; button_one_border_width__hover_enabled=&#8221;off&#8221; button_two_border_width__hover_enabled=&#8221;off&#8221; button_border_color__hover_enabled=&#8221;off&#8221; button_one_border_color__hover_enabled=&#8221;off&#8221; button_two_border_color__hover_enabled=&#8221;off&#8221; button_border_radius__hover_enabled=&#8221;off&#8221; button_one_border_radius__hover_enabled=&#8221;off&#8221; button_two_border_radius__hover_enabled=&#8221;off&#8221; button_letter_spacing__hover_enabled=&#8221;off&#8221; button_one_letter_spacing__hover_enabled=&#8221;off&#8221; button_two_letter_spacing__hover_enabled=&#8221;off&#8221; button_bg_color__hover_enabled=&#8221;off&#8221; button_one_bg_color__hover_enabled=&#8221;off&#8221; button_two_bg_color__hover_enabled=&#8221;off&#8221;][\/et_pb_contact_field][et_pb_contact_field field_id=&#8221;company&#8221; field_title=&#8221;F\u00f6retag&#8221; fullwidth_field=&#8221;on&#8221; _builder_version=&#8221;4.7.1&#8243; _module_preset=&#8221;default&#8221;][\/et_pb_contact_field][et_pb_contact_field field_id=&#8221;Message&#8221; field_title=&#8221;Meddelande&#8221; field_type=&#8221;text&#8221; fullwidth_field=&#8221;on&#8221; _builder_version=&#8221;3.16&#8243; button_text_size__hover_enabled=&#8221;off&#8221; button_one_text_size__hover_enabled=&#8221;off&#8221; button_two_text_size__hover_enabled=&#8221;off&#8221; button_text_color__hover_enabled=&#8221;off&#8221; button_one_text_color__hover_enabled=&#8221;off&#8221; button_two_text_color__hover_enabled=&#8221;off&#8221; button_border_width__hover_enabled=&#8221;off&#8221; button_one_border_width__hover_enabled=&#8221;off&#8221; button_two_border_width__hover_enabled=&#8221;off&#8221; button_border_color__hover_enabled=&#8221;off&#8221; button_one_border_color__hover_enabled=&#8221;off&#8221; button_two_border_color__hover_enabled=&#8221;off&#8221; button_border_radius__hover_enabled=&#8221;off&#8221; button_one_border_radius__hover_enabled=&#8221;off&#8221; button_two_border_radius__hover_enabled=&#8221;off&#8221; button_letter_spacing__hover_enabled=&#8221;off&#8221; button_one_letter_spacing__hover_enabled=&#8221;off&#8221; button_two_letter_spacing__hover_enabled=&#8221;off&#8221; button_bg_color__hover_enabled=&#8221;off&#8221; button_one_bg_color__hover_enabled=&#8221;off&#8221; button_two_bg_color__hover_enabled=&#8221;off&#8221;][\/et_pb_contact_field][\/et_pb_contact_form][\/et_pb_column][\/et_pb_row][\/et_pb_section][et_pb_section fb_built=&#8221;1&#8243; _builder_version=&#8221;4.7.1&#8243; _module_preset=&#8221;default&#8221;][et_pb_row _builder_version=&#8221;4.7.1&#8243; _module_preset=&#8221;default&#8221;][et_pb_column type=&#8221;4_4&#8243; _builder_version=&#8221;4.7.1&#8243; _module_preset=&#8221;default&#8221;][et_pb_text _builder_version=&#8221;4.7.1&#8243; _module_preset=&#8221;default&#8221; text_line_height=&#8221;1.5em&#8221;]<\/p>\n<h2>Om Frobo<\/h2>\n<p>Frobo \u00e4gs av IT-konsultbolaget Hackyard. Vi har funnits i tio \u00e5r och syssels\u00e4tter ett tiotal personer i V\u00e4ster\u00e5s och Stockholm.<\/p>\n<p>Vi utvecklar Frobo tillsammans med v\u00e5ra kunder. Frobo \u00e4r en molntj\u00e4nst som levereras till en fast m\u00e5nadskostnad.\u00a0<span style=\"font-size: 14px;\"><strong>Ta kontakt med oss f\u00f6r prisuppgift.<\/strong><\/span><\/p>\n<p>Funktionalitet i urval:\u00a0K\u00f6systemet st\u00f6djer din uthyrningspolicy &#8211; Ditt best\u00e5nd och dina befintliga k\u00f6er importeras &#8211; Endast registrerade s\u00f6kanden f\u00e5r g\u00f6ra intresseanm\u00e4lan (lokaler undantaget) &#8211; Alla personnummer valideras &#8211; St\u00f6d f\u00f6r bost\u00e4der, p-platser, garage och lokaler &#8211;\u00a0St\u00f6d f\u00f6r hanterade s\u00f6kanden &#8211; Automatiska utskick av matchande annonser &#8211; Automatisk gallring av k\u00f6er &#8211; Statistik som g\u00f6r att du kan bidra till bostadsf\u00f6rs\u00f6rjningsplanen i din kommun &#8211; Manuell justering av k\u00f6tid &#8211; Alla h\u00e4ndelser lagras i aktivitetslogg och kan verifieras av tredje part &#8211; Flaggning och automatisk nollst\u00e4llning av k\u00f6tid vid upprepade brott mot reglerna &#8211; och mycket mer.<\/p>\n<p>[\/et_pb_text][\/et_pb_column][\/et_pb_row][\/et_pb_section][et_pb_section fb_built=&#8221;1&#8243; _builder_version=&#8221;4.7.1&#8243; _module_preset=&#8221;default&#8221; background_color=&#8221;#e8e8e8&#8243;][et_pb_row column_structure=&#8221;1_5,1_5,1_5,1_5,1_5&#8243; _builder_version=&#8221;4.7.1&#8243; _module_preset=&#8221;default&#8221;][et_pb_column type=&#8221;1_5&#8243; _builder_version=&#8221;4.7.1&#8243; _module_preset=&#8221;default&#8221;][et_pb_text _builder_version=&#8221;4.7.1&#8243; _module_preset=&#8221;default&#8221;]<\/p>\n<p>Hackyard Software AB<br \/>Kopparbergsv\u00e4gen 8<br \/> 72213 V\u00e4ster\u00e5s<\/p>\n<p>[\/et_pb_text][\/et_pb_column][et_pb_column type=&#8221;1_5&#8243; _builder_version=&#8221;4.7.1&#8243; _module_preset=&#8221;default&#8221;][et_pb_text _builder_version=&#8221;4.7.1&#8243; _module_preset=&#8221;default&#8221;]<\/p>\n<p>Eva Johansson<br \/><a href=\"mailto:eva@hackyard.se\">eva@hackyard.se<\/a><br \/>070-874 01 93<\/p>\n<p>[\/et_pb_text][\/et_pb_column][et_pb_column type=&#8221;1_5&#8243; _builder_version=&#8221;4.7.1&#8243; _module_preset=&#8221;default&#8221;][\/et_pb_column][et_pb_column type=&#8221;1_5&#8243; _builder_version=&#8221;4.7.1&#8243; _module_preset=&#8221;default&#8221;][\/et_pb_column][et_pb_column type=&#8221;1_5&#8243; _builder_version=&#8221;4.7.1&#8243; _module_preset=&#8221;default&#8221;][\/et_pb_column][\/et_pb_row][\/et_pb_section]<\/p>\n","protected":false},"excerpt":{"rendered":"<p>[et_pb_section fb_built=&#8221;1&#8243; admin_label=&#8221;Features&#8221; _builder_version=&#8221;4.7.1&#8243; background_color=&#8221;#0c71c3&#8243; min_height=&#8221;290px&#8221; custom_padding=&#8221;100px|0px|100px|0px|true|&#8221;][et_pb_row disabled_on=&#8221;on|off|off&#8221; admin_label=&#8221;Tittle&#8221; _builder_version=&#8221;4.7.1&#8243;][et_pb_column type=&#8221;4_4&#8243; _builder_version=&#8221;3.25&#8243; custom_padding=&#8221;|||&#8221; custom_padding__hover=&#8221;|||&#8221;][et_pb_text _builder_version=&#8221;4.7.1&#8243; text_font=&#8221;Nunito Sans||||||||&#8221; text_text_color=&#8221;#ffffff&#8221; text_font_size=&#8221;23px&#8221; text_line_height=&#8221;1.3em&#8221; header_font=&#8221;||||||||&#8221; header_text_align=&#8221;center&#8221; header_text_color=&#8221;#ffffff&#8221; header_font_size=&#8221;48px&#8221; header_2_font=&#8221;Nunito Sans|700|||||||&#8221; header_2_text_color=&#8221;#535b7c&#8221; header_2_font_size=&#8221;35px&#8221; header_2_line_height=&#8221;1.3em&#8221; text_orientation=&#8221;center&#8221; background_layout=&#8221;dark&#8221; max_width=&#8221;700px&#8221; module_alignment=&#8221;center&#8221;] Frobo &#8211; digital bostadsk\u00f6 [\/et_pb_text][\/et_pb_column][\/et_pb_row][et_pb_row disabled_on=&#8221;off|on|on&#8221; admin_label=&#8221;Tittle&#8221; _builder_version=&#8221;4.7.1&#8243;][et_pb_column type=&#8221;4_4&#8243; _builder_version=&#8221;3.25&#8243; custom_padding=&#8221;|||&#8221; custom_padding__hover=&#8221;|||&#8221;][et_pb_text _builder_version=&#8221;4.7.1&#8243; text_font=&#8221;Nunito Sans||||||||&#8221; text_text_color=&#8221;#ffffff&#8221; text_font_size=&#8221;30px&#8221; text_line_height=&#8221;1.3em&#8221; header_font=&#8221;||||||||&#8221; header_text_align=&#8221;center&#8221; header_text_color=&#8221;#ffffff&#8221; header_font_size=&#8221;60px&#8221; [&hellip;]<\/p>\n","protected":false},"author":1,"featured_media":0,"parent":0,"menu_order":0,"comment_status":"closed","ping_status":"closed","template":"","meta":{"_et_pb_use_builder":"on","_et_pb_old_content":"","_et_gb_content_width":""},"_links":{"self":[{"href":"https:\/\/frobo.se\/index.php?rest_route=\/wp\/v2\/pages\/5"}],"collection":[{"href":"https:\/\/frobo.se\/index.php?rest_route=\/wp\/v2\/pages"}],"about":[{"href":"https:\/\/frobo.se\/index.php?rest_route=\/wp\/v2\/types\/page"}],"author":[{"embeddable":true,"href":"https:\/\/frobo.se\/index.php?rest_route=\/wp\/v2\/users\/1"}],"replies":[{"embeddable":true,"href":"https:\/\/frobo.se\/index.php?rest_route=%2Fwp%2Fv2%2Fcomments&post=5"}],"version-history":[{"count":66,"href":"https:\/\/frobo.se\/index.php?rest_route=\/wp\/v2\/pages\/5\/revisions"}],"predecessor-version":[{"id":171,"href":"https:\/\/frobo.se\/index.php?rest_route=\/wp\/v2\/pages\/5\/revisions\/171"}],"wp:attachment":[{"href":"https:\/\/frobo.se\/index.php?rest_route=%2Fwp%2Fv2%2Fmedia&parent=5"}],"curies":[{"name":"wp","href":"https:\/\/api.w.org\/{rel}","templated":true}]}}